{"id":95,"date":"2024-07-23T22:18:13","date_gmt":"2024-07-23T20:18:13","guid":{"rendered":"https:\/\/haeberlein-gmbh.de\/?page_id=95"},"modified":"2025-04-23T17:24:14","modified_gmt":"2025-04-23T15:24:14","slug":"downloads","status":"publish","type":"page","link":"https:\/\/haeberlein-gmbh.de\/en\/downloads\/","title":{"rendered":"Downloads"},"content":{"rendered":"<div class=\"wp-block-group has-text-color has-link-color wp-elements-9d96601d1d2275ecf01ef89e09a1806d has-global-padding is-layout-constrained wp-block-group-is-layout-constrained\" style=\"color:#000000\">\n<div class=\"wp-block-columns is-layout-flex wp-container-core-columns-is-layout-28f84493 wp-block-columns-is-layout-flex\">\n<div class=\"wp-block-column is-layout-flow wp-block-column-is-layout-flow\">\n<div style=\"height:69px\" aria-hidden=\"true\" class=\"wp-block-spacer\"><\/div>\n<\/div>\n<\/div>\n<\/div>\n\n\n\n<div class=\"wp-block-group alignfull has-background-background-color has-text-color has-background has-link-color wp-elements-90ad0c110303740b826a9fff9402f279 has-global-padding is-content-justification-center is-layout-constrained wp-block-group-is-layout-constrained wp-container-1 is-position-sticky\" style=\"color:#000000;padding-top:var(--wp--preset--spacing--small);padding-bottom:var(--wp--preset--spacing--small)\">\n<div class=\"wp-block-columns are-vertically-aligned-center is-layout-flex wp-container-core-columns-is-layout-28f84493 wp-block-columns-is-layout-flex\">\n<div class=\"wp-block-column is-vertically-aligned-center is-layout-flow wp-block-column-is-layout-flow\">\n<p class=\"has-huge-font-size\">Brochures<\/p>\n\n\n\n<h3 class=\"wp-block-heading has-extra-large-font-size\"><a href=\"https:\/\/haeberlein-gmbh.de\/wp-content\/uploads\/2024\/08\/Broschuere_deutsch.pdf\" data-type=\"link\" data-id=\"https:\/\/haeberlein-gmbh.de\/wp-content\/uploads\/2024\/08\/Broschuere_deutsch.pdf\" target=\"_blank\" rel=\"noreferrer noopener\">Brochure - German<\/a><\/h3>\n\n\n\n<p>Uploaded: 06.08.2024<\/p>\n\n\n\n<h3 class=\"wp-block-heading has-extra-large-font-size\"><a href=\"https:\/\/haeberlein-gmbh.de\/wp-content\/uploads\/2024\/08\/Broschuere_englisch.pdf\" data-type=\"link\" data-id=\"https:\/\/haeberlein-gmbh.de\/wp-content\/uploads\/2024\/08\/Broschuere_englisch.pdf\" target=\"_blank\" rel=\"noreferrer noopener\">Brochure - English<\/a><\/h3>\n\n\n\n<p>Uploaded: 06.08.2024<\/p>\n\n\n\n<h2 class=\"wp-block-heading\"><\/h2>\n\n\n\n<p><\/p>\n<\/div>\n\n\n\n<div class=\"wp-block-column is-vertically-aligned-center is-layout-flow wp-block-column-is-layout-flow\" style=\"padding-top:3em;padding-right:3em;padding-bottom:3em;padding-left:3em\">\n<p class=\"has-huge-font-size\">Certificates <\/p>\n\n\n\n<h3 class=\"wp-block-heading has-extra-large-font-size\"><a href=\"https:\/\/haeberlein-gmbh.de\/wp-content\/uploads\/2024\/11\/Haeberlein-GmbH_FSC-Chain-of-Custody_SCS-COC-005084.pdf\" data-type=\"link\" data-id=\"https:\/\/haeberlein-gmbh.de\/wp-content\/uploads\/2024\/11\/Haeberlein-GmbH_PEFC-Chain-of-Custody_SCS-PEFC-COC-005084_GER.pdf\">FSC Zertifikat (GER)<\/a><\/h3>\n\n\n\n<p>Ver\u00f6ffentlichungsdatum: 28.10.2024<\/p>\n\n\n\n<h3 class=\"wp-block-heading\"><a href=\"https:\/\/haeberlein-gmbh.de\/wp-content\/uploads\/2024\/11\/Haeberlein-GmbH_FSC-Chain-of-Custody_SCS-COC-005084.pdf\" data-type=\"link\" data-id=\"https:\/\/haeberlein-gmbh.de\/wp-content\/uploads\/2024\/11\/Haeberlein-GmbH_FSC-Chain-of-Custody_SCS-COC-005084.pdf\">FSC Zertifikat (ENG)<\/a><\/h3>\n\n\n\n<p>Ver\u00f6ffentlichungsdatum: 28.10.2024<\/p>\n\n\n\n<h3 class=\"wp-block-heading\"><a href=\"https:\/\/haeberlein-gmbh.de\/wp-content\/uploads\/2024\/11\/Haeberlein-GmbH_PEFC-Chain-of-Custody_SCS-PEFC-COC-005084.pdf\" data-type=\"link\" data-id=\"https:\/\/haeberlein-gmbh.de\/wp-content\/uploads\/2024\/11\/Haeberlein-GmbH_PEFC-Chain-of-Custody_SCS-PEFC-COC-005084_GER.pdf\">PEFC Zertifikat (GER)<\/a><\/h3>\n\n\n\n<p>Ver\u00f6ffentlichungsdatum: 28.10.2024<\/p>\n\n\n\n<h3 class=\"wp-block-heading\"><a href=\"https:\/\/haeberlein-gmbh.de\/wp-content\/uploads\/2024\/11\/Haeberlein-GmbH_PEFC-Chain-of-Custody_SCS-PEFC-COC-005084.pdf\" data-type=\"link\" data-id=\"https:\/\/haeberlein-gmbh.de\/wp-content\/uploads\/2024\/11\/Haeberlein-GmbH_PEFC-Chain-of-Custody_SCS-PEFC-COC-005084.pdf\">PEFC Zertifikat (ENG)<\/a><\/h3>\n\n\n\n<p>Ver\u00f6ffentlichungsdatum: 28.10.2024<\/p>\n\n\n\n<h3 class=\"wp-block-heading\"><a href=\"https:\/\/haeberlein-gmbh.de\/wp-content\/uploads\/2024\/10\/FSC-Grundsatzerklaerung.pdf\" data-type=\"link\" data-id=\"https:\/\/haeberlein-gmbh.de\/wp-content\/uploads\/2024\/10\/FSC-Grundsatzerklaerung.pdf\">FSC Grundsatzerkl\u00e4rung<\/a><\/h3>\n\n\n\n<p>Uploaded: 06.08.2024<\/p>\n<\/div>\n<\/div>\n\n\n\n<p><\/p>\n<\/div>\n\n\n\n<div style=\"height:100px\" aria-hidden=\"true\" class=\"wp-block-spacer\"><\/div>\n\n\n\n<p><\/p>","protected":false},"excerpt":{"rendered":"<p>Brosch\u00fcren Brosch\u00fcre &#8211; Deutsch Ver\u00f6ffentlichungsdatum: 06.08.2024 Brosch\u00fcre &#8211; Englisch Ver\u00f6ffentlichungsdatum: 06.08.2024 Zertifikate FSC Zertifikat (GER) Ver\u00f6ffentlichungsdatum: 28.10.2024 FSC Zertifikat (ENG) Ver\u00f6ffentlichungsdatum: 28.10.2024 PEFC Zertifikat (GER) Ver\u00f6ffentlichungsdatum: 28.10.2024 PEFC Zertifikat (ENG) Ver\u00f6ffentlichungsdatum: 28.10.2024 FSC Grundsatzerkl\u00e4rung Ver\u00f6ffentlichungsdatum: 06.08.2024<\/p>","protected":false},"author":1,"featured_media":48,"parent":0,"menu_order":0,"comment_status":"closed","ping_status":"closed","template":"","meta":{"_uag_custom_page_level_css":"","ub_ctt_via":"","footnotes":""},"class_list":["post-95","page","type-page","status-publish","has-post-thumbnail","hentry"],"featured_image_src":"https:\/\/haeberlein-gmbh.de\/wp-content\/uploads\/2024\/07\/cropped-elb_0006a193-1.jpg","uagb_featured_image_src":{"full":["https:\/\/haeberlein-gmbh.de\/wp-content\/uploads\/2024\/07\/cropped-elb_0006a193-1.jpg",2000,1199,false],"thumbnail":["https:\/\/haeberlein-gmbh.de\/wp-content\/uploads\/2024\/07\/cropped-elb_0006a193-1-150x150.jpg",150,150,true],"medium":["https:\/\/haeberlein-gmbh.de\/wp-content\/uploads\/2024\/07\/cropped-elb_0006a193-1-300x180.jpg",300,180,true],"medium_large":["https:\/\/haeberlein-gmbh.de\/wp-content\/uploads\/2024\/07\/cropped-elb_0006a193-1.jpg",768,460,false],"large":["https:\/\/haeberlein-gmbh.de\/wp-content\/uploads\/2024\/07\/cropped-elb_0006a193-1-1024x614.jpg",930,558,true],"1536x1536":["https:\/\/haeberlein-gmbh.de\/wp-content\/uploads\/2024\/07\/cropped-elb_0006a193-1.jpg",1536,921,false],"2048x2048":["https:\/\/haeberlein-gmbh.de\/wp-content\/uploads\/2024\/07\/cropped-elb_0006a193-1.jpg",2000,1199,false],"trp-custom-language-flag":["https:\/\/haeberlein-gmbh.de\/wp-content\/uploads\/2024\/07\/cropped-elb_0006a193-1-18x12.jpg",18,12,true],"featured":["https:\/\/haeberlein-gmbh.de\/wp-content\/uploads\/2024\/07\/cropped-elb_0006a193-1.jpg",2000,1199,false],"featured@2x":["https:\/\/haeberlein-gmbh.de\/wp-content\/uploads\/2024\/07\/cropped-elb_0006a193-1.jpg",2000,1199,false],"featured-small":["https:\/\/haeberlein-gmbh.de\/wp-content\/uploads\/2024\/07\/cropped-elb_0006a193-1.jpg",1000,600,false],"recent-thumbnail":["https:\/\/haeberlein-gmbh.de\/wp-content\/uploads\/2024\/07\/cropped-elb_0006a193-1.jpg",320,192,false],"recent-thumbnail-retina":["https:\/\/haeberlein-gmbh.de\/wp-content\/uploads\/2024\/07\/cropped-elb_0006a193-1.jpg",641,384,false],"woo-featured":["https:\/\/haeberlein-gmbh.de\/wp-content\/uploads\/2024\/07\/cropped-elb_0006a193-1.jpg",280,168,false],"entry-cover":["https:\/\/haeberlein-gmbh.de\/wp-content\/uploads\/2024\/07\/cropped-elb_0006a193-1.jpg",1800,1079,false],"entry-cover@2x":["https:\/\/haeberlein-gmbh.de\/wp-content\/uploads\/2024\/07\/cropped-elb_0006a193-1.jpg",2000,1199,false],"loop":["https:\/\/haeberlein-gmbh.de\/wp-content\/uploads\/2024\/07\/cropped-elb_0006a193-1.jpg",534,320,false],"portfolio-scroller-widget":["https:\/\/haeberlein-gmbh.de\/wp-content\/uploads\/2024\/07\/cropped-elb_0006a193-1.jpg",934,560,false],"portfolio_item-thumbnail":["https:\/\/haeberlein-gmbh.de\/wp-content\/uploads\/2024\/07\/cropped-elb_0006a193-1.jpg",600,360,false],"portfolio_item-masonry":["https:\/\/haeberlein-gmbh.de\/wp-content\/uploads\/2024\/07\/cropped-elb_0006a193-1.jpg",600,360,false],"portfolio_item-thumbnail_wide":["https:\/\/haeberlein-gmbh.de\/wp-content\/uploads\/2024\/07\/cropped-elb_0006a193-1.jpg",1001,600,false],"portfolio_item-thumbnail_wide_cinema":["https:\/\/haeberlein-gmbh.de\/wp-content\/uploads\/2024\/07\/cropped-elb_0006a193-1.jpg",1251,750,false],"portfolio_item-thumbnail_cinema":["https:\/\/haeberlein-gmbh.de\/wp-content\/uploads\/2024\/07\/cropped-elb_0006a193-1.jpg",559,335,false],"portfolio_item-thumbnail_portrait":["https:\/\/haeberlein-gmbh.de\/wp-content\/uploads\/2024\/07\/cropped-elb_0006a193-1.jpg",600,360,false],"portfolio_item-thumbnail_square":["https:\/\/haeberlein-gmbh.de\/wp-content\/uploads\/2024\/07\/cropped-elb_0006a193-1.jpg",800,480,false],"sow-carousel-default":["https:\/\/haeberlein-gmbh.de\/wp-content\/uploads\/2024\/07\/cropped-elb_0006a193-1.jpg",272,163,false]},"uagb_author_info":{"display_name":"sommares","author_link":"https:\/\/haeberlein-gmbh.de\/en\/author\/sommares\/"},"uagb_comment_info":0,"uagb_excerpt":"Brosch\u00fcren Brosch\u00fcre &#8211; Deutsch Ver\u00f6ffentlichungsdatum: 06.08.2024 Brosch\u00fcre &#8211; Englisch Ver\u00f6ffentlichungsdatum: 06.08.2024 Zertifikate FSC Zertifikat (GER) Ver\u00f6ffentlichungsdatum: 28.10.2024 FSC Zertifikat (ENG) Ver\u00f6ffentlichungsdatum: 28.10.2024 PEFC Zertifikat (GER) Ver\u00f6ffentlichungsdatum: 28.10.2024 PEFC Zertifikat (ENG) Ver\u00f6ffentlichungsdatum: 28.10.2024 FSC Grundsatzerkl\u00e4rung Ver\u00f6ffentlichungsdatum: 06.08.2024","_links":{"self":[{"href":"https:\/\/haeberlein-gmbh.de\/en\/wp-json\/wp\/v2\/pages\/95","targetHints":{"allow":["GET"]}}],"collection":[{"href":"https:\/\/haeberlein-gmbh.de\/en\/wp-json\/wp\/v2\/pages"}],"about":[{"href":"https:\/\/haeberlein-gmbh.de\/en\/wp-json\/wp\/v2\/types\/page"}],"author":[{"embeddable":true,"href":"https:\/\/haeberlein-gmbh.de\/en\/wp-json\/wp\/v2\/users\/1"}],"replies":[{"embeddable":true,"href":"https:\/\/haeberlein-gmbh.de\/en\/wp-json\/wp\/v2\/comments?post=95"}],"version-history":[{"count":16,"href":"https:\/\/haeberlein-gmbh.de\/en\/wp-json\/wp\/v2\/pages\/95\/revisions"}],"predecessor-version":[{"id":950,"href":"https:\/\/haeberlein-gmbh.de\/en\/wp-json\/wp\/v2\/pages\/95\/revisions\/950"}],"wp:featuredmedia":[{"embeddable":true,"href":"https:\/\/haeberlein-gmbh.de\/en\/wp-json\/wp\/v2\/media\/48"}],"wp:attachment":[{"href":"https:\/\/haeberlein-gmbh.de\/en\/wp-json\/wp\/v2\/media?parent=95"}],"curies":[{"name":"wp","href":"https:\/\/api.w.org\/{rel}","templated":true}]}}