{"id":90,"date":"2024-07-23T22:14:46","date_gmt":"2024-07-23T20:14:46","guid":{"rendered":"https:\/\/haeberlein-gmbh.de\/?page_id=90"},"modified":"2025-02-06T17:30:12","modified_gmt":"2025-02-06T16:30:12","slug":"karriere","status":"publish","type":"page","link":"https:\/\/haeberlein-gmbh.de\/en\/karriere\/","title":{"rendered":"Career"},"content":{"rendered":"<h3 class=\"wp-block-heading alignwide\" id=\"0-ihr-arbeitgeber-\"><mark style=\"background-color:rgba(0, 0, 0, 0);color:#669933\" class=\"has-inline-color\">YOUR EMPLOYER<\/mark><\/h3>\n\n\n\n<p>Imagine joining a globally operating family business that seamlessly blends the agility of flat hierarchies with the stability and reassurance of a large corporation. This could soon become your new professional home.<\/p>\n\n\n\n<div style=\"height:21px\" aria-hidden=\"true\" class=\"wp-block-spacer\"><\/div>\n\n\n\n<p>The diverse array of woods we process and the multifaceted needs of our customers offer a vast spectrum of opportunities and roles for you to explore. With such diversity, there's never a dull moment. Amidst this versatility, one key aspect holds particular significance for us: providing you with the chance to cultivate your passion and expertise. Whether it's working autonomously, becoming a specialist in your field, or imparting your knowledge to others, these are the driving forces behind our daily motivation.\n\nWe firmly believe that happy, motivated, and dedicated employees pave the way for success, and we aspire to reach new heights together with you.<\/p>\n\n\n\n<div style=\"height:21px\" aria-hidden=\"true\" class=\"wp-block-spacer\"><\/div>\n\n\n\n<h3 class=\"wp-block-heading alignwide\" id=\"1-offene-stellen-\"><mark style=\"background-color:rgba(0, 0, 0, 0);color:#669933\" class=\"has-inline-color\">VACANCIES<\/mark><\/h3>\n\n\n<div class=\"wp-block-ub-tabbed-content-block wp-block-ub-tabbed-content wp-block-ub-tabbed-content-holder wp-block-ub-tabbed-content-horizontal-holder-mobile wp-block-ub-tabbed-content-horizontal-holder-tablet\" id=\"ub-tabbed-content-4e2523b4-dd6e-4731-a9a5-2f12e1cf09c5\">\n                <div class=\"wp-block-ub-tabbed-content-tab-holder horizontal-tab-width-mobile horizontal-tab-width-tablet\">\n                    <div role=\"tablist\" class=\"wp-block-ub-tabbed-content-tabs-title wp-block-ub-tabbed-content-tabs-title-mobile-horizontal-tab wp-block-ub-tabbed-content-tabs-title-tablet-horizontal-tab\"><div role=\"tab\" id=\"ub-tabbed-content-4e2523b4-dd6e-4731-a9a5-2f12e1cf09c5-tab-0\" aria-controls=\"ub-tabbed-content-4e2523b4-dd6e-4731-a9a5-2f12e1cf09c5-panel-0\"\n            aria-selected=\"true\" class = \"wp-block-ub-tabbed-content-tab-title-wrap active\" tabindex=\"-1\">\n            <div class=\"wp-block-ub-tabbed-content-tab-title\">For direct entrants<\/div><\/div><div role=\"tab\" id=\"ub-tabbed-content-4e2523b4-dd6e-4731-a9a5-2f12e1cf09c5-tab-1\" aria-controls=\"ub-tabbed-content-4e2523b4-dd6e-4731-a9a5-2f12e1cf09c5-panel-1\"\n            aria-selected=\"false\" class = \"wp-block-ub-tabbed-content-tab-title-wrap\" tabindex=\"-1\">\n            <div class=\"wp-block-ub-tabbed-content-tab-title\">Apprenticeship and dual study program<\/div><\/div><\/div><\/div>\n                <div class=\"wp-block-ub-tabbed-content-tabs-content\"><div role=\"tabpanel\" class=\"wp-block-ub-tabbed-content-tab-content-wrap active\"\n        id=\"ub-tabbed-content--panel-0\" aria-labelledby=\"ub-tabbed-content--tab-0\" tabindex=\"0\">\n\n<ul class=\"wp-block-list\">\n<li><a href=\"https:\/\/haeberlein-gmbh.de\/wp-content\/uploads\/2024\/08\/Staplerfahrer-mwd.pdf\" data-type=\"link\" data-id=\"https:\/\/haeberlein-gmbh.de\/wp-content\/uploads\/2024\/08\/Staplerfahrer-mwd.pdf\" target=\"_blank\" rel=\"noreferrer noopener\">Forklift driver (mwd)<\/a><\/li>\n\n\n\n<li><a href=\"https:\/\/haeberlein-gmbh.de\/wp-content\/uploads\/2024\/08\/Sachbearbeitung-Verkauf-Export-mwd.pdf\" data-type=\"link\" data-id=\"https:\/\/haeberlein-gmbh.de\/wp-content\/uploads\/2024\/08\/Sachbearbeitung-Verkauf-Export-mwd.pdf\" target=\"_blank\" rel=\"noreferrer noopener\">Processing clerk (sales\/export) (mwd)<\/a><\/li>\n\n\n\n<li><a href=\"https:\/\/haeberlein-gmbh.de\/wp-content\/uploads\/2024\/08\/Maschinen-und-Baggerfuehrer-mwd-Stand-09.2022.pdf\" data-type=\"link\" data-id=\"https:\/\/haeberlein-gmbh.de\/wp-content\/uploads\/2024\/08\/Maschinen-und-Baggerfuehrer-mwd-Stand-09.2022.pdf\" target=\"_blank\" rel=\"noreferrer noopener\">Machine and excavator operator (mwd)<\/a><\/li>\n\n\n\n<li><a href=\"https:\/\/haeberlein-gmbh.de\/wp-content\/uploads\/2024\/08\/Koordinator-im-Bereich-des-Rundholzein-und-verkaufs-mwd.pdf\" data-type=\"link\" data-id=\"https:\/\/haeberlein-gmbh.de\/wp-content\/uploads\/2024\/08\/Koordinator-im-Bereich-des-Rundholzein-und-verkaufs-mwd.pdf\" target=\"_blank\" rel=\"noreferrer noopener\">Coordinator in the area of log purchasing and sales (mwd)<\/a><\/li>\n<\/ul>\n\n<\/div><div role=\"tabpanel\" class=\"wp-block-ub-tabbed-content-tab-content-wrap ub-hide\"\n        id=\"ub-tabbed-content--panel-1\" aria-labelledby=\"ub-tabbed-content--tab-1\" tabindex=\"0\">\n\n<ul class=\"wp-block-list\">\n<li><a href=\"https:\/\/haeberlein-gmbh.de\/wp-content\/uploads\/2024\/08\/Ausbildung-Holzbearbeitungsmechaniker.pdf\" data-type=\"link\" data-id=\"https:\/\/haeberlein-gmbh.de\/wp-content\/uploads\/2024\/08\/Ausbildung-Holzbearbeitungsmechaniker.pdf\" target=\"_blank\" rel=\"noreferrer noopener\">Woodworking mechanic (mwd)<\/a><\/li>\n\n\n\n<li><a href=\"https:\/\/haeberlein-gmbh.de\/wp-content\/uploads\/2024\/08\/Ausbildung-Gross-und-Aussenhandel.pdf\" data-type=\"link\" data-id=\"https:\/\/haeberlein-gmbh.de\/wp-content\/uploads\/2024\/08\/Ausbildung-Gross-und-Aussenhandel.pdf\" target=\"_blank\" rel=\"noreferrer noopener\">Management assistant in wholesale and foreign trade (mwd)<\/a><\/li>\n\n\n\n<li><a href=\"https:\/\/haeberlein-gmbh.de\/wp-content\/uploads\/2024\/08\/Duales-Studium-BWL-Handel-internationaler-Handel-oder-Holzwirtschaft.pdf\" data-type=\"link\" data-id=\"https:\/\/haeberlein-gmbh.de\/wp-content\/uploads\/2024\/08\/Duales-Studium-BWL-Handel-internationaler-Handel-oder-Holzwirtschaft.pdf\" target=\"_blank\" rel=\"noreferrer noopener\">Dual study program in business administration - international trade or timber industry (mwd)<\/a><\/li>\n\n\n\n<li><a href=\"https:\/\/haeberlein-gmbh.de\/wp-content\/uploads\/2024\/08\/Duales-Studium-Holztechnik.pdf\" data-type=\"link\" data-id=\"https:\/\/haeberlein-gmbh.de\/wp-content\/uploads\/2024\/08\/Duales-Studium-Holztechnik.pdf\" target=\"_blank\" rel=\"noreferrer noopener\">Dual study program in wood technology (mwd)<\/a><\/li>\n<\/ul>\n\n<\/div><\/div>\n            <\/div>\n\n\n<p><\/p>","protected":false},"excerpt":{"rendered":"<p>IHR ARBEITGEBER Ein weltweit agierendes Familienunternehmen, welches den Flair von flachen Hierarchien mit der Sicherheit und dem Komfort eines Gro\u00dfkonzerns verbindet, das k\u00f6nnte schon bald Ihr neuer Arbeitgeber werden. Durch unsere Vielfalt an H\u00f6lzern die wir verarbeiten und die unterschiedlichsten Anspr\u00fcche unserer Kunden er\u00f6ffnen sich verschiedenste Richtungen und T\u00e4tigkeiten, denen [&hellip;]<\/p>","protected":false},"author":1,"featured_media":786,"parent":0,"menu_order":0,"comment_status":"closed","ping_status":"closed","template":"","meta":{"_uag_custom_page_level_css":"","ub_ctt_via":"","footnotes":""},"class_list":["post-90","page","type-page","status-publish","has-post-thumbnail","hentry"],"featured_image_src":"https:\/\/haeberlein-gmbh.de\/wp-content\/uploads\/2025\/02\/IMG_6278-scaled-e1738859406973.jpg","uagb_featured_image_src":{"full":["https:\/\/haeberlein-gmbh.de\/wp-content\/uploads\/2025\/02\/IMG_6278-scaled-e1738859406973.jpg",1920,1200,false],"thumbnail":["https:\/\/haeberlein-gmbh.de\/wp-content\/uploads\/2025\/02\/IMG_6278-scaled-e1738859406973-150x150.jpg",150,150,true],"medium":["https:\/\/haeberlein-gmbh.de\/wp-content\/uploads\/2025\/02\/IMG_6278-scaled-e1738859406973-300x188.jpg",300,188,true],"medium_large":["https:\/\/haeberlein-gmbh.de\/wp-content\/uploads\/2025\/02\/IMG_6278-scaled-e1738859406973-768x480.jpg",768,480,true],"large":["https:\/\/haeberlein-gmbh.de\/wp-content\/uploads\/2025\/02\/IMG_6278-scaled-e1738859406973-1024x640.jpg",930,581,true],"1536x1536":["https:\/\/haeberlein-gmbh.de\/wp-content\/uploads\/2025\/02\/IMG_6278-scaled-e1738859406973-1536x960.jpg",1536,960,true],"2048x2048":["https:\/\/haeberlein-gmbh.de\/wp-content\/uploads\/2025\/02\/IMG_6278-1536x2048.jpg",1536,2048,true],"trp-custom-language-flag":["https:\/\/haeberlein-gmbh.de\/wp-content\/uploads\/2025\/02\/IMG_6278-scaled-e1738859406973-18x12.jpg",18,12,true],"featured":["https:\/\/haeberlein-gmbh.de\/wp-content\/uploads\/2025\/02\/IMG_6278-2000x2667.jpg",2000,2667,true],"featured@2x":["https:\/\/haeberlein-gmbh.de\/wp-content\/uploads\/2025\/02\/IMG_6278-3000x4000.jpg",3000,4000,true],"featured-small":["https:\/\/haeberlein-gmbh.de\/wp-content\/uploads\/2025\/02\/IMG_6278-scaled-e1738859406973-1000x625.jpg",1000,625,true],"recent-thumbnail":["https:\/\/haeberlein-gmbh.de\/wp-content\/uploads\/2025\/02\/IMG_6278-scaled-e1738859406973-345x192.jpg",345,192,true],"recent-thumbnail-retina":["https:\/\/haeberlein-gmbh.de\/wp-content\/uploads\/2025\/02\/IMG_6278-scaled-e1738859406973-690x384.jpg",690,384,true],"woo-featured":["https:\/\/haeberlein-gmbh.de\/wp-content\/uploads\/2025\/02\/IMG_6278-scaled-e1738859406973-280x280.jpg",280,280,true],"entry-cover":["https:\/\/haeberlein-gmbh.de\/wp-content\/uploads\/2025\/02\/IMG_6278-scaled-e1738859406973-1800x1125.jpg",1800,1125,true],"entry-cover@2x":["https:\/\/haeberlein-gmbh.de\/wp-content\/uploads\/2025\/02\/IMG_6278-scaled-e1738859406973.jpg",1920,1200,false],"loop":["https:\/\/haeberlein-gmbh.de\/wp-content\/uploads\/2025\/02\/IMG_6278-scaled-e1738859406973-950x320.jpg",950,320,true],"portfolio-scroller-widget":["https:\/\/haeberlein-gmbh.de\/wp-content\/uploads\/2025\/02\/IMG_6278-scaled-e1738859406973-896x560.jpg",896,560,true],"portfolio_item-thumbnail":["https:\/\/haeberlein-gmbh.de\/wp-content\/uploads\/2025\/02\/IMG_6278-scaled-e1738859406973-600x400.jpg",600,400,true],"portfolio_item-masonry":["https:\/\/haeberlein-gmbh.de\/wp-content\/uploads\/2025\/02\/IMG_6278-scaled-e1738859406973-600x375.jpg",600,375,true],"portfolio_item-thumbnail_wide":["https:\/\/haeberlein-gmbh.de\/wp-content\/uploads\/2025\/02\/IMG_6278-scaled-e1738859406973-1800x600.jpg",1800,600,true],"portfolio_item-thumbnail_wide_cinema":["https:\/\/haeberlein-gmbh.de\/wp-content\/uploads\/2025\/02\/IMG_6278-scaled-e1738859406973-1800x750.jpg",1800,750,true],"portfolio_item-thumbnail_cinema":["https:\/\/haeberlein-gmbh.de\/wp-content\/uploads\/2025\/02\/IMG_6278-scaled-e1738859406973-800x335.jpg",800,335,true],"portfolio_item-thumbnail_portrait":["https:\/\/haeberlein-gmbh.de\/wp-content\/uploads\/2025\/02\/IMG_6278-scaled-e1738859406973-600x900.jpg",600,900,true],"portfolio_item-thumbnail_square":["https:\/\/haeberlein-gmbh.de\/wp-content\/uploads\/2025\/02\/IMG_6278-scaled-e1738859406973-800x800.jpg",800,800,true],"sow-carousel-default":["https:\/\/haeberlein-gmbh.de\/wp-content\/uploads\/2025\/02\/IMG_6278-scaled-e1738859406973-272x182.jpg",272,182,true]},"uagb_author_info":{"display_name":"sommares","author_link":"https:\/\/haeberlein-gmbh.de\/en\/author\/sommares\/"},"uagb_comment_info":0,"uagb_excerpt":"IHR ARBEITGEBER Ein weltweit agierendes Familienunternehmen, welches den Flair von flachen Hierarchien mit der Sicherheit und dem Komfort eines Gro\u00dfkonzerns verbindet, das k\u00f6nnte schon bald Ihr neuer Arbeitgeber werden. Durch unsere Vielfalt an H\u00f6lzern die wir verarbeiten und die unterschiedlichsten Anspr\u00fcche unserer Kunden er\u00f6ffnen sich verschiedenste Richtungen und T\u00e4tigkeiten, denen [&hellip;]","_links":{"self":[{"href":"https:\/\/haeberlein-gmbh.de\/en\/wp-json\/wp\/v2\/pages\/90","targetHints":{"allow":["GET"]}}],"collection":[{"href":"https:\/\/haeberlein-gmbh.de\/en\/wp-json\/wp\/v2\/pages"}],"about":[{"href":"https:\/\/haeberlein-gmbh.de\/en\/wp-json\/wp\/v2\/types\/page"}],"author":[{"embeddable":true,"href":"https:\/\/haeberlein-gmbh.de\/en\/wp-json\/wp\/v2\/users\/1"}],"replies":[{"embeddable":true,"href":"https:\/\/haeberlein-gmbh.de\/en\/wp-json\/wp\/v2\/comments?post=90"}],"version-history":[{"count":32,"href":"https:\/\/haeberlein-gmbh.de\/en\/wp-json\/wp\/v2\/pages\/90\/revisions"}],"predecessor-version":[{"id":783,"href":"https:\/\/haeberlein-gmbh.de\/en\/wp-json\/wp\/v2\/pages\/90\/revisions\/783"}],"wp:featuredmedia":[{"embeddable":true,"href":"https:\/\/haeberlein-gmbh.de\/en\/wp-json\/wp\/v2\/media\/786"}],"wp:attachment":[{"href":"https:\/\/haeberlein-gmbh.de\/en\/wp-json\/wp\/v2\/media?parent=90"}],"curies":[{"name":"wp","href":"https:\/\/api.w.org\/{rel}","templated":true}]}}