{"id":88,"date":"2024-07-23T22:14:27","date_gmt":"2024-07-23T20:14:27","guid":{"rendered":"https:\/\/haeberlein-gmbh.de\/?page_id=88"},"modified":"2025-07-02T00:09:33","modified_gmt":"2025-07-01T22:09:33","slug":"unternehmen","status":"publish","type":"page","link":"https:\/\/haeberlein-gmbh.de\/en\/unternehmen\/","title":{"rendered":"Company"},"content":{"rendered":"<div class=\"wp-block-group alignfull is-layout-flow wp-container-core-group-is-layout-c4d5c1b7 wp-block-group-is-layout-flow\" id=\"cover\" style=\"margin-top:0px;margin-bottom:0px\"><\/div>\n\n\n\n<h3 class=\"wp-block-heading alignwide has-text-align-left has-foreground-color has-text-color has-link-color wp-elements-570185d46b9ffacdb7dbf6a89b195738\"><mark style=\"background-color:rgba(0, 0, 0, 0);color:#669933\" class=\"has-inline-color\">YOUR STRONG PARTNER IN THE<\/mark>&nbsp;<mark style=\"background-color:rgba(0, 0, 0, 0);color:#669933\" class=\"has-inline-color\">WOOD INDUSTRY<\/mark><\/h3>\n\n\n\n<div style=\"height:43px\" aria-hidden=\"true\" class=\"wp-block-spacer\"><\/div>\n\n\n\n<div class=\"wp-block-media-text alignwide is-stacked-on-mobile\" style=\"grid-template-columns:40% auto\"><figure class=\"wp-block-media-text__media\"><img fetchpriority=\"high\" decoding=\"async\" width=\"1024\" height=\"682\" src=\"https:\/\/haeberlein-gmbh.de\/wp-content\/uploads\/2024\/07\/BB13619-1024x682.jpg\" alt=\"\" class=\"wp-image-25 size-full\" srcset=\"https:\/\/haeberlein-gmbh.de\/wp-content\/uploads\/2024\/07\/BB13619-1024x682.jpg 1024w, https:\/\/haeberlein-gmbh.de\/wp-content\/uploads\/2024\/07\/BB13619-300x200.jpg 300w, https:\/\/haeberlein-gmbh.de\/wp-content\/uploads\/2024\/07\/BB13619-2000x1331.jpg 2000w, https:\/\/haeberlein-gmbh.de\/wp-content\/uploads\/2024\/07\/BB13619-scaled-18x12.jpg 18w\" sizes=\"(max-width: 1024px) 100vw, 1024px\" \/><\/figure><div class=\"wp-block-media-text__content\">\n<p class=\"has-text-align-left\">Since 1941, our mission has been to provide the wood processing sector with high-quality hardwood sourced from our region. Based in Southern Germany, we procure and process over 45,000 cubic meters of wood annually. Our clientele reflects the breadth of our product portfolio, encompassing businesses worldwide in timber trading, cooperage, musical instrument crafting, parquet flooring, furniture manufacturing, large-scale staircase production, and solid wood processing. With an inventory boasting over 20 different hardwood varieties, we cater to a diverse array of customer needs.<\/p>\n\n\n\n<p><\/p>\n<\/div><\/div>\n\n\n\n<p><\/p>\n\n\n\n<p class=\"has-text-align-left translation-block\">One thing is particularly important to us in our work: the quality must be right. This applies not only to our products but also to our services. Our team of extensively trained professionals ensures that each customer receives a customized solution tailored to their specific requirements. We afford our customers the freedom to select and combine timber types, qualities, thicknesses, lengths, and characteristics according to their preferences, even within a single order.<\/p>\n\n\n\n<div style=\"height:100px\" aria-hidden=\"true\" class=\"wp-block-spacer\"><\/div>\n\n\n\n<h3 class=\"wp-block-heading alignwide\"><mark style=\"background-color:rgba(0, 0, 0, 0);color:#669933\" class=\"has-inline-color\">FIRST-CLASS STOCKS OF HARDWOOD FROM<\/mark>&nbsp;<mark style=\"background-color:rgba(0, 0, 0, 0);color:#669933\" class=\"has-inline-color\">OUR REGION<\/mark><\/h3>\n\n\n\n<div style=\"height:60px\" aria-hidden=\"true\" class=\"wp-block-spacer\"><\/div>\n\n\n\n<div class=\"wp-block-media-text alignwide has-media-on-the-right is-stacked-on-mobile\" style=\"grid-template-columns:auto 40%\"><div class=\"wp-block-media-text__content\">\n<p>95 Prozent unseres Holzes stammt aus Baden-W\u00fcrttemberg, 5 Prozent aus dem Saarland und der Pfalz. Der Grund? Nur hier finden wir die erstklassigen Laubholzbest\u00e4nde, die den Anspr\u00fcchen unserer Kunden gerecht werden. Dabei ist uns besonders das Wissen um die Herkunft und die beste Qualit\u00e4t unseres Holzes wichtig. Denn nur hochwertiges Rohholz l\u00e4sst hochwertige Produkte in der Weiterverarbeitung zu. Die Zertifizierung nach 100 % PEFC SCS-PEFC-COC-005084 (PEFC\/04-31-1128) und FSC 100% SCS-COC-005084 (FSC\u00ae-C 028841) garantiert Ihnen, dass unsere Produkte aus nachhaltiger verantwortungsvoller Waldwirtschaft stammen und strengste Standards erf\u00fcllen, was \u00d6kologie, Ethik und \u00f6konomische Beschaffung betrifft.<br>Take a look at our certified products!<\/p>\n<\/div><figure class=\"wp-block-media-text__media\"><img decoding=\"async\" width=\"2560\" height=\"1703\" src=\"https:\/\/haeberlein-gmbh.de\/wp-content\/uploads\/2024\/07\/VBE7419-scaled.jpg\" alt=\"\" class=\"wp-image-26 size-full\" srcset=\"https:\/\/haeberlein-gmbh.de\/wp-content\/uploads\/2024\/07\/VBE7419-scaled.jpg 2560w, https:\/\/haeberlein-gmbh.de\/wp-content\/uploads\/2024\/07\/VBE7419-300x200.jpg 300w, https:\/\/haeberlein-gmbh.de\/wp-content\/uploads\/2024\/07\/VBE7419-1024x681.jpg 1024w, https:\/\/haeberlein-gmbh.de\/wp-content\/uploads\/2024\/07\/VBE7419-2000x1331.jpg 2000w, https:\/\/haeberlein-gmbh.de\/wp-content\/uploads\/2024\/07\/VBE7419-scaled-18x12.jpg 18w\" sizes=\"(max-width: 2560px) 100vw, 2560px\" \/><\/figure><\/div>\n\n\n\n<div style=\"height:22px\" aria-hidden=\"true\" id=\"Historie\" class=\"wp-block-spacer\"><\/div>\n\n\n\n<div style=\"height:40px\" aria-hidden=\"true\" class=\"wp-block-spacer\"><\/div>\n\n\n\n<h1 class=\"wp-block-heading has-text-align-left\">History<\/h1>\n\n\n\n<h3 class=\"wp-block-heading alignwide has-text-color has-link-color wp-elements-6a6aa49b3136d1c65d9648553010c133\" style=\"color:#669933\"><mark style=\"background-color:rgba(0, 0, 0, 0);color:#669933\" class=\"has-inline-color\">WE WRITE<\/mark>&nbsp;<mark style=\"background-color:rgba(0, 0, 0, 0);color:#669933\" class=\"has-inline-color\">HISTORY<\/mark><\/h3>\n\n\n\n<div style=\"height:51px\" aria-hidden=\"true\" class=\"wp-block-spacer\"><\/div>\n\n\n\n<div class=\"wp-block-cp-timeline-content-timeline Cool-Content-Timeline\"><div class=\"cool-timeline-block-099ae36c-f2f4-4966-b0bd-7dce2624ea1c\"><style>.cool-timeline-block-099ae36c-f2f4-4966-b0bd-7dce2624ea1c .cool-vertical-timeline-body{--ctlb-content-alignment: left;--ctlb-icon-color: #669933;--ctlb-date-font-family: Arial;--ctlb-head-font-family: Arial;--ctlb-sub-head-font-family: Arial;--ctlb-line-color: #473118;--ctlb-icon-bg: #669933;--ctlb-story-border-color: #473118;}<\/style><div class=\"cool-vertical-timeline-body ctlb-wrapper both-sided right\"><div class=\"cool-timeline-block-list\">\n<div class=\"wp-block-cp-timeline-content-timeline-child swiper-slide\"><div class=\"timeline-content icon-false\"><div class=\"timeline-block-timeline ctl-row  position-right\"><div class=\"ctl-6 timeline-block-time\"><div class=\"story-time\"><p>1941 \u2013 INCEPTION<\/p><\/div><\/div><div class=\"timeline-block-icon\"><svg stroke=\"currentColor\" fill=\"currentColor\" stroke-width=\"0\" viewbox=\"0 0 512 512\" height=\"1em\" width=\"1em\" xmlns=\"http:\/\/www.w3.org\/2000\/svg\"><path d=\"M256 8C119 8 8 119 8 256s111 248 248 248 248-111 248-248S393 8 256 8z\"><\/path><\/svg><\/div><div class=\"ctl-6 timeline-block-detail\"><div class=\"story-details\"><div class=\"story-content\">\n<figure class=\"wp-block-image size-large ctlb-block-image is-style-default\"><img decoding=\"async\" width=\"1024\" height=\"505\" src=\"https:\/\/haeberlein-gmbh.de\/wp-content\/uploads\/2024\/07\/manfred_willhelm_haeberlein_portrait-1024x505.jpg\" alt=\"\" class=\"wp-image-134\" srcset=\"https:\/\/haeberlein-gmbh.de\/wp-content\/uploads\/2024\/07\/manfred_willhelm_haeberlein_portrait-1024x505.jpg 1024w, https:\/\/haeberlein-gmbh.de\/wp-content\/uploads\/2024\/07\/manfred_willhelm_haeberlein_portrait-300x148.jpg 300w, https:\/\/haeberlein-gmbh.de\/wp-content\/uploads\/2024\/07\/manfred_willhelm_haeberlein_portrait-18x9.jpg 18w, https:\/\/haeberlein-gmbh.de\/wp-content\/uploads\/2024\/07\/manfred_willhelm_haeberlein_portrait.jpg 1311w\" sizes=\"(max-width: 1024px) 100vw, 1024px\" \/><\/figure>\n\n\n\n<h3 class=\"wp-block-heading ctlb-block-title\" style=\"padding-top:0px;padding-right:0px;padding-bottom:0px;padding-left:0px\">INCEPTION<\/h3>\n\n\n\n<p class=\"ctlb-block-desc\" style=\"padding-top:0px;padding-right:0px;padding-bottom:0px;padding-left:0px\">The origins of our family enterprise trace back to 1941, when Wilhelm Haeberlein acquired the sawmill in Hardthausen. Over time, founder Wilhelm and his son Manfred Haeberlein steadily expanded the facility.<\/p>\n<\/div><\/div><\/div><\/div><\/div><\/div>\n\n\n\n<div class=\"wp-block-cp-timeline-content-timeline-child swiper-slide\"><div class=\"timeline-content icon-false\"><div class=\"timeline-block-timeline ctl-row  position-left\"><div class=\"ctl-6 timeline-block-time\"><div class=\"story-time\"><p>2003 \u2013 EXPANSION<\/p><\/div><\/div><div class=\"timeline-block-icon\"><svg stroke=\"currentColor\" fill=\"currentColor\" stroke-width=\"0\" viewbox=\"0 0 512 512\" height=\"1em\" width=\"1em\" xmlns=\"http:\/\/www.w3.org\/2000\/svg\"><path d=\"M256 8C119 8 8 119 8 256s111 248 248 248 248-111 248-248S393 8 256 8z\"><\/path><\/svg><\/div><div class=\"ctl-6 timeline-block-detail\"><div class=\"story-details\"><div class=\"story-content\">\n<figure class=\"wp-block-image size-large ctlb-block-image\"><img loading=\"lazy\" decoding=\"async\" width=\"1024\" height=\"319\" src=\"https:\/\/haeberlein-gmbh.de\/wp-content\/uploads\/2024\/07\/2017_Haeberlein_005-scaled-e1722937516358-1024x319.jpg\" alt=\"\" class=\"wp-image-32\" srcset=\"https:\/\/haeberlein-gmbh.de\/wp-content\/uploads\/2024\/07\/2017_Haeberlein_005-scaled-e1722937516358-1024x319.jpg 1024w, https:\/\/haeberlein-gmbh.de\/wp-content\/uploads\/2024\/07\/2017_Haeberlein_005-scaled-e1722937516358-300x93.jpg 300w, https:\/\/haeberlein-gmbh.de\/wp-content\/uploads\/2024\/07\/2017_Haeberlein_005-scaled-e1722937516358-2000x623.jpg 2000w, https:\/\/haeberlein-gmbh.de\/wp-content\/uploads\/2024\/07\/2017_Haeberlein_005-scaled-e1722937516358-18x6.jpg 18w, https:\/\/haeberlein-gmbh.de\/wp-content\/uploads\/2024\/07\/2017_Haeberlein_005-scaled-e1722937516358-768x239.jpg 768w, https:\/\/haeberlein-gmbh.de\/wp-content\/uploads\/2024\/07\/2017_Haeberlein_005-scaled-e1722937516358-1536x478.jpg 1536w, https:\/\/haeberlein-gmbh.de\/wp-content\/uploads\/2024\/07\/2017_Haeberlein_005-scaled-e1722937516358-2048x638.jpg 2048w\" sizes=\"(max-width: 1024px) 100vw, 1024px\" \/><\/figure>\n\n\n\n<h3 class=\"wp-block-heading ctlb-block-title\" style=\"padding-top:0px;padding-right:0px;padding-bottom:0px;padding-left:0px\">EXPANSION<\/h3>\n\n\n\n<p class=\"ctlb-block-desc\" style=\"padding-top:0px;padding-right:0px;padding-bottom:0px;padding-left:0px\">In 2003, H\u00e4berlein GmbH was established, with Meike Haeberlein and her husband Ulrich Scheuber-Haeberlein, the third generation to take over leadership within the company. Since then, they have been driving the company's continued success.<\/p>\n<\/div><\/div><\/div><\/div><\/div><\/div>\n\n\n\n<div class=\"wp-block-cp-timeline-content-timeline-child swiper-slide\"><div class=\"timeline-content icon-false\"><div class=\"timeline-block-timeline ctl-row  position-right\"><div class=\"ctl-6 timeline-block-time\"><div class=\"story-time\"><p>2016 - NEW HORIZONS<\/p><\/div><\/div><div class=\"timeline-block-icon\"><svg stroke=\"currentColor\" fill=\"currentColor\" stroke-width=\"0\" viewbox=\"0 0 512 512\" height=\"1em\" width=\"1em\" xmlns=\"http:\/\/www.w3.org\/2000\/svg\"><path d=\"M256 8C119 8 8 119 8 256s111 248 248 248 248-111 248-248S393 8 256 8z\"><\/path><\/svg><\/div><div class=\"ctl-6 timeline-block-detail\"><div class=\"story-details\"><div class=\"story-content\">\n<figure class=\"wp-block-image size-large ctlb-block-image\"><img loading=\"lazy\" decoding=\"async\" width=\"1024\" height=\"682\" src=\"https:\/\/haeberlein-gmbh.de\/wp-content\/uploads\/2024\/07\/BB13386-1024x682.jpg\" alt=\"\" class=\"wp-image-17\" srcset=\"https:\/\/haeberlein-gmbh.de\/wp-content\/uploads\/2024\/07\/BB13386-1024x682.jpg 1024w, https:\/\/haeberlein-gmbh.de\/wp-content\/uploads\/2024\/07\/BB13386-300x200.jpg 300w, https:\/\/haeberlein-gmbh.de\/wp-content\/uploads\/2024\/07\/BB13386-2000x1331.jpg 2000w, https:\/\/haeberlein-gmbh.de\/wp-content\/uploads\/2024\/07\/BB13386-scaled-18x12.jpg 18w\" sizes=\"(max-width: 1024px) 100vw, 1024px\" \/><\/figure>\n\n\n\n<h3 class=\"wp-block-heading ctlb-block-title\" style=\"padding-top:0px;padding-right:0px;padding-bottom:0px;padding-left:0px\">NEW HORIZONS<\/h3>\n\n\n\n<p class=\"ctlb-block-desc\" style=\"padding-top:0px;padding-right:0px;padding-bottom:0px;padding-left:0px\">2016 marked a significant milestone with a new office building and a larger production hall. This expansion introduced a new production line equipped with state-of-the-art machinery including a debarking system, log band saw, conveyor, and stacking system, unlocking new avenues for increased production volume and product variety.<\/p>\n<\/div><\/div><\/div><\/div><\/div><\/div>\n<\/div><\/div><\/div><\/div>\n\n\n\n<div style=\"height:20px\" aria-hidden=\"true\" id=\"Unsere-Mission\" class=\"wp-block-spacer\"><\/div>\n\n\n\n<div style=\"height:40px\" aria-hidden=\"true\" class=\"wp-block-spacer\"><\/div>\n\n\n\n<h2 class=\"wp-block-heading\">Our mission<\/h2>\n\n\n\n<h3 class=\"wp-block-heading alignwide translation-block\"><mark style=\"background-color:transparent;color:#669933\" class=\"has-inline-color\">TOP QUALITY <\/mark><mark style=\"background-color:transparent;color:#669933\" class=\"has-inline-color\">WOOD<\/mark><\/h3>\n\n\n\n<p><mark style=\"background-color:rgba(0, 0, 0, 0)\" class=\"has-inline-color has-foreground-color\">From brushes to chopsticks. From pianos to high-end designer furniture. Each of our customers presents unique demands. Our objective extends beyond mere satisfaction; we aim to inspire. Quality, to us, encompasses not only delivering the right goods to meet our customers' specifications but also providing comprehensive advice and support. We aspire to foster enduring partnerships rather than just being raw material suppliers. Our daily operations are guided by the following principles:<\/mark><\/p>\n\n\n\n<div style=\"height:27px\" aria-hidden=\"true\" class=\"wp-block-spacer\"><\/div>\n\n\n\n<p class=\"has-text-align-left\"><mark style=\"background-color:rgba(0, 0, 0, 0);color:#669933\" class=\"has-inline-color\">&#8211;&gt;<\/mark><mark style=\"background-color:rgba(0, 0, 0, 0)\" class=\"has-inline-color has-foreground-color\"> Quality is paramount in our round timber procurement process. We prioritize obtaining the highest quality at fair prices to ensure customer satisfaction.<\/mark><br><br><mark style=\"background-color:rgba(0, 0, 0, 0);color:#669933\" class=\"has-inline-color\">&#8211;&gt;<\/mark><mark style=\"background-color:rgba(0, 0, 0, 0)\" class=\"has-inline-color has-foreground-color\"> Leveraging the rich biodiversity of our forests, we offer an extensive array of hardwood species in substantial quantities.<\/mark><br><br><mark style=\"background-color:rgba(0, 0, 0, 0);color:#669933\" class=\"has-inline-color\">&#8211;&gt;<\/mark> <mark style=\"background-color:rgba(0, 0, 0, 0)\" class=\"has-inline-color has-foreground-color\">We provide added value to our customers through not only superior products but also expert advice on wood processing derived from our extensive product knowledge.<\/mark><br><br><mark style=\"background-color:rgba(0, 0, 0, 0);color:#669933\" class=\"has-inline-color\">&#8211;&gt;<\/mark> <mark style=\"background-color:rgba(0, 0, 0, 0)\" class=\"has-inline-color has-foreground-color\">Trust forms the bedrock of our relationships. We uphold honesty, reliability, and accountability in all our dealings.<\/mark><br><br><mark style=\"background-color:rgba(0, 0, 0, 0);color:#669933\" class=\"has-inline-color\">&#8211;&gt;<\/mark> <mark style=\"background-color:rgba(0, 0, 0, 0)\" class=\"has-inline-color has-foreground-color\">Innovation is ingrained in our ethos. Staying ahead of the curve is integral to our success.<\/mark><br><br><mark style=\"background-color:rgba(0, 0, 0, 0);color:#669933\" class=\"has-inline-color\">&#8211;&gt;<\/mark><mark style=\"background-color:rgba(0, 0, 0, 0)\" class=\"has-inline-color has-foreground-color\"> We have a genuine passion for working with wood.<\/mark><br><\/p>\n\n\n\n<div style=\"height:0px;width:0px\" aria-hidden=\"true\" class=\"wp-block-spacer\"><\/div>\n\n\n\n<h1 class=\"wp-block-heading has-text-align-left has-text-align-center\" id=\"Zertifizierung\"><\/h1>\n\n\n\n<p><\/p>","protected":false},"excerpt":{"rendered":"<p>IHR STARKER PARTNER IN DER&nbsp;HOLZINDUSTRIE Seit 1941 sehen wir es als unsere Aufgabe, die Holzverarbeitende Industrie mit Laubholz aus unserer Region zu beliefern. In S\u00fcddeutschland zu Hause, kaufen und verarbeiten wir \u00fcber 35.000 Festmeter Holz. Wie vielseitig unsere Produktpalette ist, zeigt ein Blick auf unsere Zielgruppen. Unternehmen aus der ganzen [&hellip;]<\/p>","protected":false},"author":1,"featured_media":42,"parent":0,"menu_order":0,"comment_status":"closed","ping_status":"closed","template":"","meta":{"_uag_custom_page_level_css":"","ub_ctt_via":"","footnotes":""},"class_list":["post-88","page","type-page","status-publish","has-post-thumbnail","hentry"],"featured_image_src":"https:\/\/haeberlein-gmbh.de\/wp-content\/uploads\/2024\/07\/Luftbild-alt.jpg","uagb_featured_image_src":{"full":["https:\/\/haeberlein-gmbh.de\/wp-content\/uploads\/2024\/07\/Luftbild-alt.jpg",1246,935,false],"thumbnail":["https:\/\/haeberlein-gmbh.de\/wp-content\/uploads\/2024\/07\/Luftbild-alt-150x150.jpg",150,150,true],"medium":["https:\/\/haeberlein-gmbh.de\/wp-content\/uploads\/2024\/07\/Luftbild-alt-300x225.jpg",300,225,true],"medium_large":["https:\/\/haeberlein-gmbh.de\/wp-content\/uploads\/2024\/07\/Luftbild-alt.jpg",768,576,false],"large":["https:\/\/haeberlein-gmbh.de\/wp-content\/uploads\/2024\/07\/Luftbild-alt-1024x768.jpg",930,698,true],"1536x1536":["https:\/\/haeberlein-gmbh.de\/wp-content\/uploads\/2024\/07\/Luftbild-alt.jpg",1246,935,false],"2048x2048":["https:\/\/haeberlein-gmbh.de\/wp-content\/uploads\/2024\/07\/Luftbild-alt.jpg",1246,935,false],"trp-custom-language-flag":["https:\/\/haeberlein-gmbh.de\/wp-content\/uploads\/2024\/07\/Luftbild-alt-16x12.jpg",16,12,true],"featured":["https:\/\/haeberlein-gmbh.de\/wp-content\/uploads\/2024\/07\/Luftbild-alt.jpg",1246,935,false],"featured@2x":["https:\/\/haeberlein-gmbh.de\/wp-content\/uploads\/2024\/07\/Luftbild-alt.jpg",1246,935,false],"featured-small":["https:\/\/haeberlein-gmbh.de\/wp-content\/uploads\/2024\/07\/Luftbild-alt.jpg",1000,750,false],"recent-thumbnail":["https:\/\/haeberlein-gmbh.de\/wp-content\/uploads\/2024\/07\/Luftbild-alt.jpg",256,192,false],"recent-thumbnail-retina":["https:\/\/haeberlein-gmbh.de\/wp-content\/uploads\/2024\/07\/Luftbild-alt.jpg",512,384,false],"woo-featured":["https:\/\/haeberlein-gmbh.de\/wp-content\/uploads\/2024\/07\/Luftbild-alt.jpg",280,210,false],"entry-cover":["https:\/\/haeberlein-gmbh.de\/wp-content\/uploads\/2024\/07\/Luftbild-alt.jpg",1246,935,false],"entry-cover@2x":["https:\/\/haeberlein-gmbh.de\/wp-content\/uploads\/2024\/07\/Luftbild-alt.jpg",1246,935,false],"loop":["https:\/\/haeberlein-gmbh.de\/wp-content\/uploads\/2024\/07\/Luftbild-alt.jpg",426,320,false],"portfolio-scroller-widget":["https:\/\/haeberlein-gmbh.de\/wp-content\/uploads\/2024\/07\/Luftbild-alt.jpg",746,560,false],"portfolio_item-thumbnail":["https:\/\/haeberlein-gmbh.de\/wp-content\/uploads\/2024\/07\/Luftbild-alt.jpg",533,400,false],"portfolio_item-masonry":["https:\/\/haeberlein-gmbh.de\/wp-content\/uploads\/2024\/07\/Luftbild-alt.jpg",600,450,false],"portfolio_item-thumbnail_wide":["https:\/\/haeberlein-gmbh.de\/wp-content\/uploads\/2024\/07\/Luftbild-alt.jpg",800,600,false],"portfolio_item-thumbnail_wide_cinema":["https:\/\/haeberlein-gmbh.de\/wp-content\/uploads\/2024\/07\/Luftbild-alt.jpg",999,750,false],"portfolio_item-thumbnail_cinema":["https:\/\/haeberlein-gmbh.de\/wp-content\/uploads\/2024\/07\/Luftbild-alt.jpg",446,335,false],"portfolio_item-thumbnail_portrait":["https:\/\/haeberlein-gmbh.de\/wp-content\/uploads\/2024\/07\/Luftbild-alt.jpg",600,450,false],"portfolio_item-thumbnail_square":["https:\/\/haeberlein-gmbh.de\/wp-content\/uploads\/2024\/07\/Luftbild-alt.jpg",800,600,false],"sow-carousel-default":["https:\/\/haeberlein-gmbh.de\/wp-content\/uploads\/2024\/07\/Luftbild-alt.jpg",243,182,false]},"uagb_author_info":{"display_name":"sommares","author_link":"https:\/\/haeberlein-gmbh.de\/en\/author\/sommares\/"},"uagb_comment_info":0,"uagb_excerpt":"IHR STARKER PARTNER IN DER&nbsp;HOLZINDUSTRIE Seit 1941 sehen wir es als unsere Aufgabe, die Holzverarbeitende Industrie mit Laubholz aus unserer Region zu beliefern. In S\u00fcddeutschland zu Hause, kaufen und verarbeiten wir \u00fcber 35.000 Festmeter Holz. Wie vielseitig unsere Produktpalette ist, zeigt ein Blick auf unsere Zielgruppen. Unternehmen aus der ganzen [&hellip;]","_links":{"self":[{"href":"https:\/\/haeberlein-gmbh.de\/en\/wp-json\/wp\/v2\/pages\/88","targetHints":{"allow":["GET"]}}],"collection":[{"href":"https:\/\/haeberlein-gmbh.de\/en\/wp-json\/wp\/v2\/pages"}],"about":[{"href":"https:\/\/haeberlein-gmbh.de\/en\/wp-json\/wp\/v2\/types\/page"}],"author":[{"embeddable":true,"href":"https:\/\/haeberlein-gmbh.de\/en\/wp-json\/wp\/v2\/users\/1"}],"replies":[{"embeddable":true,"href":"https:\/\/haeberlein-gmbh.de\/en\/wp-json\/wp\/v2\/comments?post=88"}],"version-history":[{"count":169,"href":"https:\/\/haeberlein-gmbh.de\/en\/wp-json\/wp\/v2\/pages\/88\/revisions"}],"predecessor-version":[{"id":1104,"href":"https:\/\/haeberlein-gmbh.de\/en\/wp-json\/wp\/v2\/pages\/88\/revisions\/1104"}],"wp:featuredmedia":[{"embeddable":true,"href":"https:\/\/haeberlein-gmbh.de\/en\/wp-json\/wp\/v2\/media\/42"}],"wp:attachment":[{"href":"https:\/\/haeberlein-gmbh.de\/en\/wp-json\/wp\/v2\/media?parent=88"}],"curies":[{"name":"wp","href":"https:\/\/api.w.org\/{rel}","templated":true}]}}