{"id":86,"date":"2024-07-23T22:14:07","date_gmt":"2024-07-23T20:14:07","guid":{"rendered":"https:\/\/haeberlein-gmbh.de\/?page_id=86"},"modified":"2025-04-28T13:58:05","modified_gmt":"2025-04-28T11:58:05","slug":"weg-zur-qualitaet","status":"publish","type":"page","link":"https:\/\/haeberlein-gmbh.de\/en\/weg-zur-qualitaet\/","title":{"rendered":"Way To Quality"},"content":{"rendered":"<h3 class=\"wp-block-heading alignwide\"><mark style=\"background-color:rgba(0, 0, 0, 0);color:#669933\" class=\"has-inline-color\">STEP BY STEP TO THE HIGHEST QUALITY<\/mark><\/h3>\n\n\n\n<p>Our commitment to delivering the highest quality begins with meticulous attention to detail at every step of the process, facilitated by computer-controlled workflows and seamless freight logistics. To guarantee consistency, color integrity, and structural perfection in our wood products, we subject them to a series of detailed work and finishing procedures.<\/p>\n\n\n\n<p class=\"has-text-align-left\" style=\"border-style:none;border-width:0px\">Yet, even with our embrace of modern methods and technology, it is important for us to consider the individual properties of the different types of wood.&nbsp;<strong>For us quality is not only the goal, it is the way to go.<\/strong><\/p>\n\n\n\n<p>Below you will find the stages our logs undergo before reaching you as a completed sawn timber package.<\/p>\n\n\n\n<div style=\"height:37px\" aria-hidden=\"true\" class=\"wp-block-spacer\"><\/div>\n\n\n\n<div class=\"wp-block-media-text alignwide is-stacked-on-mobile\" style=\"grid-template-columns:34% auto\"><figure class=\"wp-block-media-text__media\"><img fetchpriority=\"high\" decoding=\"async\" width=\"350\" height=\"250\" src=\"https:\/\/haeberlein-gmbh.de\/wp-content\/uploads\/2024\/08\/einkauf_klein.jpg\" alt=\"\" class=\"wp-image-294 size-full\" srcset=\"https:\/\/haeberlein-gmbh.de\/wp-content\/uploads\/2024\/08\/einkauf_klein.jpg 350w, https:\/\/haeberlein-gmbh.de\/wp-content\/uploads\/2024\/08\/einkauf_klein-300x214.jpg 300w, https:\/\/haeberlein-gmbh.de\/wp-content\/uploads\/2024\/08\/einkauf_klein-18x12.jpg 18w\" sizes=\"(max-width: 350px) 100vw, 350px\" \/><\/figure><div class=\"wp-block-media-text__content\">\n<p><strong>1. Purchasing<\/strong><\/p>\n\n\n\n<p>As a hardwood sawmill, purchasing logs is the most important thing for us. To ensure that we can offer our customers the quality they need, we carefully select our raw materials to ensure they meet the exacting standards our customers expect. Every log undergoes thorough inspection before the purchase, and we prioritize sourcing from FSC\u00ae and PEFC-certified forests.<\/p>\n<\/div><\/div>\n\n\n\n<div style=\"height:100px\" aria-hidden=\"true\" class=\"wp-block-spacer\"><\/div>\n\n\n\n<div class=\"wp-block-media-text alignwide has-media-on-the-right is-stacked-on-mobile\" style=\"grid-template-columns:auto 34%\"><div class=\"wp-block-media-text__content\">\n<p><strong>2. Sorting<\/strong><\/p>\n\n\n\n<p>Before cutting, each log is reinspected at our yard and graded according to quality and length.<\/p>\n<\/div><figure class=\"wp-block-media-text__media\"><img decoding=\"async\" width=\"350\" height=\"250\" src=\"https:\/\/haeberlein-gmbh.de\/wp-content\/uploads\/2024\/08\/sortierung_klein.jpg\" alt=\"\" class=\"wp-image-289 size-full\" srcset=\"https:\/\/haeberlein-gmbh.de\/wp-content\/uploads\/2024\/08\/sortierung_klein.jpg 350w, https:\/\/haeberlein-gmbh.de\/wp-content\/uploads\/2024\/08\/sortierung_klein-300x214.jpg 300w, https:\/\/haeberlein-gmbh.de\/wp-content\/uploads\/2024\/08\/sortierung_klein-18x12.jpg 18w\" sizes=\"(max-width: 350px) 100vw, 350px\" \/><\/figure><\/div>\n\n\n\n<div style=\"height:100px\" aria-hidden=\"true\" class=\"wp-block-spacer\"><\/div>\n\n\n\n<div class=\"wp-block-media-text alignwide is-stacked-on-mobile\" style=\"grid-template-columns:34% auto\"><figure class=\"wp-block-media-text__media\"><img decoding=\"async\" width=\"350\" height=\"250\" src=\"https:\/\/haeberlein-gmbh.de\/wp-content\/uploads\/2024\/08\/saegen_klein.jpg\" alt=\"\" class=\"wp-image-291 size-full\" srcset=\"https:\/\/haeberlein-gmbh.de\/wp-content\/uploads\/2024\/08\/saegen_klein.jpg 350w, https:\/\/haeberlein-gmbh.de\/wp-content\/uploads\/2024\/08\/saegen_klein-300x214.jpg 300w, https:\/\/haeberlein-gmbh.de\/wp-content\/uploads\/2024\/08\/saegen_klein-18x12.jpg 18w\" sizes=\"(max-width: 350px) 100vw, 350px\" \/><\/figure><div class=\"wp-block-media-text__content\">\n<p><strong>3. Sawing<\/strong><\/p>\n\n\n\n<p>Utilizing state-of-the-art inclined block band saws, our cutting process is able to help the main log slip better, reducing the occurrence of cracks. This is the latest technology in the field of log traversability - the distortion-free fixing of the logs on the log carriage is particularly gentle on the logs.  Prior the actual cutting operation, each log undergoes automatic debarking and root reduction. This is followed by two separating cuttings in order to be able to sort and separate the separated planks more qualitatively afterwards.<\/p>\n<\/div><\/div>\n\n\n\n<div style=\"height:100px\" aria-hidden=\"true\" class=\"wp-block-spacer\"><\/div>\n\n\n\n<div class=\"wp-block-media-text alignwide has-media-on-the-right is-stacked-on-mobile\" style=\"grid-template-columns:auto 34%\"><div class=\"wp-block-media-text__content\">\n<p><strong>4. Stacking<\/strong><\/p>\n\n\n\n<p>The sawn planks go through another quality sorting process. Thanks to our five sorting stations, we are flexible and can assign each board to the appropriate package in terms of quality, length and characteristics. Our stacking system enables semi-automatic and automatic stacking.<\/p>\n<\/div><figure class=\"wp-block-media-text__media\"><img loading=\"lazy\" decoding=\"async\" width=\"350\" height=\"250\" src=\"https:\/\/haeberlein-gmbh.de\/wp-content\/uploads\/2024\/08\/stapeln_klein.jpg\" alt=\"\" class=\"wp-image-292 size-full\" srcset=\"https:\/\/haeberlein-gmbh.de\/wp-content\/uploads\/2024\/08\/stapeln_klein.jpg 350w, https:\/\/haeberlein-gmbh.de\/wp-content\/uploads\/2024\/08\/stapeln_klein-300x214.jpg 300w, https:\/\/haeberlein-gmbh.de\/wp-content\/uploads\/2024\/08\/stapeln_klein-18x12.jpg 18w\" sizes=\"(max-width: 350px) 100vw, 350px\" \/><\/figure><\/div>\n\n\n\n<div style=\"height:100px\" aria-hidden=\"true\" class=\"wp-block-spacer\"><\/div>\n\n\n\n<div class=\"wp-block-media-text alignwide is-stacked-on-mobile\" style=\"grid-template-columns:34% auto\"><figure class=\"wp-block-media-text__media\"><img loading=\"lazy\" decoding=\"async\" width=\"1024\" height=\"684\" src=\"https:\/\/haeberlein-gmbh.de\/wp-content\/uploads\/2024\/07\/2017_Haeberlein_056-1024x684.jpg\" alt=\"\" class=\"wp-image-35 size-full\" srcset=\"https:\/\/haeberlein-gmbh.de\/wp-content\/uploads\/2024\/07\/2017_Haeberlein_056-1024x684.jpg 1024w, https:\/\/haeberlein-gmbh.de\/wp-content\/uploads\/2024\/07\/2017_Haeberlein_056-300x200.jpg 300w, https:\/\/haeberlein-gmbh.de\/wp-content\/uploads\/2024\/07\/2017_Haeberlein_056-2000x1335.jpg 2000w, https:\/\/haeberlein-gmbh.de\/wp-content\/uploads\/2024\/07\/2017_Haeberlein_056-scaled-18x12.jpg 18w\" sizes=\"(max-width: 1024px) 100vw, 1024px\" \/><\/figure><div class=\"wp-block-media-text__content\">\n<p><strong>5. Steaming<\/strong><\/p>\n\n\n\n<p>Within our steaming chambers, the wood is subjected to hot steam for several days, resulting in enhanced coloration and improved processing properties.<\/p>\n<\/div><\/div>\n\n\n\n<div style=\"height:100px\" aria-hidden=\"true\" class=\"wp-block-spacer\"><\/div>\n\n\n\n<div class=\"wp-block-media-text alignwide has-media-on-the-right is-stacked-on-mobile\" style=\"grid-template-columns:auto 34%\"><div class=\"wp-block-media-text__content\">\n<p><strong>6. Storage<\/strong><\/p>\n\n\n\n<p class=\" translation-block\">All packages in open-air drying are covered with metal sheets. Oak lumber is air-dried for 1.5 to 3 years to preserve its superior quality and color consistency before undergoing kiln drying.<\/p>\n<\/div><figure class=\"wp-block-media-text__media\"><img loading=\"lazy\" decoding=\"async\" width=\"1024\" height=\"682\" src=\"https:\/\/haeberlein-gmbh.de\/wp-content\/uploads\/2024\/07\/BB13613-1024x682.jpg\" alt=\"\" class=\"wp-image-24 size-full\" srcset=\"https:\/\/haeberlein-gmbh.de\/wp-content\/uploads\/2024\/07\/BB13613-1024x682.jpg 1024w, https:\/\/haeberlein-gmbh.de\/wp-content\/uploads\/2024\/07\/BB13613-300x200.jpg 300w, https:\/\/haeberlein-gmbh.de\/wp-content\/uploads\/2024\/07\/BB13613-2000x1331.jpg 2000w, https:\/\/haeberlein-gmbh.de\/wp-content\/uploads\/2024\/07\/BB13613-scaled-18x12.jpg 18w\" sizes=\"(max-width: 1024px) 100vw, 1024px\" \/><\/figure><\/div>\n\n\n\n<div style=\"height:100px\" aria-hidden=\"true\" class=\"wp-block-spacer\"><\/div>\n\n\n\n<div class=\"wp-block-media-text alignwide is-stacked-on-mobile\" style=\"grid-template-columns:34% auto\"><figure class=\"wp-block-media-text__media\"><img loading=\"lazy\" decoding=\"async\" width=\"1024\" height=\"684\" src=\"https:\/\/haeberlein-gmbh.de\/wp-content\/uploads\/2024\/07\/2017_Haeberlein_039-1024x684.jpg\" alt=\"\" class=\"wp-image-34 size-full\" srcset=\"https:\/\/haeberlein-gmbh.de\/wp-content\/uploads\/2024\/07\/2017_Haeberlein_039-1024x684.jpg 1024w, https:\/\/haeberlein-gmbh.de\/wp-content\/uploads\/2024\/07\/2017_Haeberlein_039-300x200.jpg 300w, https:\/\/haeberlein-gmbh.de\/wp-content\/uploads\/2024\/07\/2017_Haeberlein_039-2000x1335.jpg 2000w, https:\/\/haeberlein-gmbh.de\/wp-content\/uploads\/2024\/07\/2017_Haeberlein_039-scaled-18x12.jpg 18w\" sizes=\"(max-width: 1024px) 100vw, 1024px\" \/><\/figure><div class=\"wp-block-media-text__content\">\n<p><strong>7. Drying<\/strong><\/p>\n\n\n\n<p>Through a series of vacuum and conventional drying chambers, we control the moisture content of the sawn timber to meet our customers' specifications, we ensure that the measuring points are positioned in the area of the core planks. We only commence drying operations upon receipt of an order to ensure the wood moisture content upon delivery meets the requisite standards.<\/p>\n<\/div><\/div>\n\n\n\n<div style=\"height:100px\" aria-hidden=\"true\" class=\"wp-block-spacer\"><\/div>\n\n\n\n<div class=\"wp-block-media-text alignwide has-media-on-the-right is-stacked-on-mobile\" style=\"grid-template-columns:auto 34%\"><div class=\"wp-block-media-text__content\">\n<p><strong>8. Trimming<\/strong><\/p>\n\n\n\n<p>Dimensional accuracy and prevention of warping are ensured through post-drying edging processes. Our double edger separates the tree edges from the planks, maintaining precision throughout.<\/p>\n<\/div><figure class=\"wp-block-media-text__media\"><img decoding=\"async\" src=\"https:\/\/haeberlein-gmbh.de\/wp-content\/uploads\/2024\/08\/besauemen_klein.jpg\" alt=\"\" class=\"wp-image-296 size-full\"\/><\/figure><\/div>\n\n\n\n<div style=\"height:100px\" aria-hidden=\"true\" class=\"wp-block-spacer\"><\/div>\n\n\n\n<div class=\"wp-block-media-text alignwide is-stacked-on-mobile\" style=\"grid-template-columns:34% auto\"><figure class=\"wp-block-media-text__media\"><img loading=\"lazy\" decoding=\"async\" width=\"1024\" height=\"683\" src=\"https:\/\/haeberlein-gmbh.de\/wp-content\/uploads\/2024\/07\/messe-DLR-004-1024x683.jpg\" alt=\"\" class=\"wp-image-44 size-full\" srcset=\"https:\/\/haeberlein-gmbh.de\/wp-content\/uploads\/2024\/07\/messe-DLR-004-1024x683.jpg 1024w, https:\/\/haeberlein-gmbh.de\/wp-content\/uploads\/2024\/07\/messe-DLR-004-300x200.jpg 300w, https:\/\/haeberlein-gmbh.de\/wp-content\/uploads\/2024\/07\/messe-DLR-004-18x12.jpg 18w, https:\/\/haeberlein-gmbh.de\/wp-content\/uploads\/2024\/07\/messe-DLR-004.jpg 1800w\" sizes=\"(max-width: 1024px) 100vw, 1024px\" \/><\/figure><div class=\"wp-block-media-text__content\">\n<p><strong>9. Delivery<\/strong><\/p>\n\n\n\n<p>Our commitment to customer satisfaction extends to our delivery processes, where customers have the flexibility to mix timber types, thicknesses, qualities, conditions, and lengths within each load. Our delivery terms encompass EXW or CIF for export shipments.<\/p>\n<\/div><\/div>\n\n\n\n<div style=\"height:100px\" aria-hidden=\"true\" class=\"wp-block-spacer\"><\/div>\n\n\n\n<p><\/p>","protected":false},"excerpt":{"rendered":"<p>SCHRITT F\u00dcR SCHRITT ZUR H\u00d6CHSTEN QUALIT\u00c4T Computergesteuerte Arbeitsprozesse und eine eingespielte Frachtlogistik sorgen f\u00fcr eine flexible und reibungslose Auftragsabwicklung. Damit unser Holz beste Qualit\u00e4t, was Konsistenz, Farbe und Struktur betrifft, aufweist, durchl\u00e4uft es bei uns verschiedene Arbeits- und Veredlungsprozesse. Wichtig ist uns bei allen modernen Methoden und Verfahren aber, die [&hellip;]<\/p>","protected":false},"author":1,"featured_media":21,"parent":0,"menu_order":0,"comment_status":"closed","ping_status":"closed","template":"","meta":{"_uag_custom_page_level_css":"","ub_ctt_via":"","footnotes":""},"class_list":["post-86","page","type-page","status-publish","has-post-thumbnail","hentry"],"featured_image_src":"https:\/\/haeberlein-gmbh.de\/wp-content\/uploads\/2024\/07\/BB13463-scaled.jpg","uagb_featured_image_src":{"full":["https:\/\/haeberlein-gmbh.de\/wp-content\/uploads\/2024\/07\/BB13463-scaled.jpg",2560,1704,false],"thumbnail":["https:\/\/haeberlein-gmbh.de\/wp-content\/uploads\/2024\/07\/BB13463-scaled-e1730730443394-150x150.jpg",150,150,true],"medium":["https:\/\/haeberlein-gmbh.de\/wp-content\/uploads\/2024\/07\/BB13463-scaled-e1730730443394-300x94.jpg",300,94,true],"medium_large":["https:\/\/haeberlein-gmbh.de\/wp-content\/uploads\/2024\/07\/BB13463-scaled-e1730730443394-768x241.jpg",768,241,true],"large":["https:\/\/haeberlein-gmbh.de\/wp-content\/uploads\/2024\/07\/BB13463-scaled-e1730730443394-1024x321.jpg",930,292,true],"1536x1536":["https:\/\/haeberlein-gmbh.de\/wp-content\/uploads\/2024\/07\/BB13463-scaled-e1730730443394-1536x481.jpg",1536,481,true],"2048x2048":["https:\/\/haeberlein-gmbh.de\/wp-content\/uploads\/2024\/07\/BB13463-scaled-e1730730443394-2048x642.jpg",2048,642,true],"trp-custom-language-flag":["https:\/\/haeberlein-gmbh.de\/wp-content\/uploads\/2024\/07\/BB13463-scaled-18x12.jpg",18,12,true],"featured":["https:\/\/haeberlein-gmbh.de\/wp-content\/uploads\/2024\/07\/BB13463-scaled.jpg",2000,1331,false],"featured@2x":["https:\/\/haeberlein-gmbh.de\/wp-content\/uploads\/2024\/07\/BB13463-scaled.jpg",2560,1704,false],"featured-small":["https:\/\/haeberlein-gmbh.de\/wp-content\/uploads\/2024\/07\/BB13463-scaled.jpg",1000,666,false],"recent-thumbnail":["https:\/\/haeberlein-gmbh.de\/wp-content\/uploads\/2024\/07\/BB13463-scaled.jpg",288,192,false],"recent-thumbnail-retina":["https:\/\/haeberlein-gmbh.de\/wp-content\/uploads\/2024\/07\/BB13463-scaled.jpg",577,384,false],"woo-featured":["https:\/\/haeberlein-gmbh.de\/wp-content\/uploads\/2024\/07\/BB13463-scaled.jpg",280,186,false],"entry-cover":["https:\/\/haeberlein-gmbh.de\/wp-content\/uploads\/2024\/07\/BB13463-scaled.jpg",1800,1198,false],"entry-cover@2x":["https:\/\/haeberlein-gmbh.de\/wp-content\/uploads\/2024\/07\/BB13463-scaled.jpg",2560,1704,false],"loop":["https:\/\/haeberlein-gmbh.de\/wp-content\/uploads\/2024\/07\/BB13463-scaled.jpg",481,320,false],"portfolio-scroller-widget":["https:\/\/haeberlein-gmbh.de\/wp-content\/uploads\/2024\/07\/BB13463-scaled.jpg",841,560,false],"portfolio_item-thumbnail":["https:\/\/haeberlein-gmbh.de\/wp-content\/uploads\/2024\/07\/BB13463-scaled.jpg",600,400,false],"portfolio_item-masonry":["https:\/\/haeberlein-gmbh.de\/wp-content\/uploads\/2024\/07\/BB13463-scaled.jpg",600,399,false],"portfolio_item-thumbnail_wide":["https:\/\/haeberlein-gmbh.de\/wp-content\/uploads\/2024\/07\/BB13463-scaled.jpg",901,600,false],"portfolio_item-thumbnail_wide_cinema":["https:\/\/haeberlein-gmbh.de\/wp-content\/uploads\/2024\/07\/BB13463-scaled.jpg",1127,750,false],"portfolio_item-thumbnail_cinema":["https:\/\/haeberlein-gmbh.de\/wp-content\/uploads\/2024\/07\/BB13463-scaled.jpg",503,335,false],"portfolio_item-thumbnail_portrait":["https:\/\/haeberlein-gmbh.de\/wp-content\/uploads\/2024\/07\/BB13463-scaled.jpg",600,399,false],"portfolio_item-thumbnail_square":["https:\/\/haeberlein-gmbh.de\/wp-content\/uploads\/2024\/07\/BB13463-scaled.jpg",800,533,false],"sow-carousel-default":["https:\/\/haeberlein-gmbh.de\/wp-content\/uploads\/2024\/07\/BB13463-scaled-e1730730443394-272x182.jpg",272,182,true]},"uagb_author_info":{"display_name":"sommares","author_link":"https:\/\/haeberlein-gmbh.de\/en\/author\/sommares\/"},"uagb_comment_info":0,"uagb_excerpt":"SCHRITT F\u00dcR SCHRITT ZUR H\u00d6CHSTEN QUALIT\u00c4T Computergesteuerte Arbeitsprozesse und eine eingespielte Frachtlogistik sorgen f\u00fcr eine flexible und reibungslose Auftragsabwicklung. Damit unser Holz beste Qualit\u00e4t, was Konsistenz, Farbe und Struktur betrifft, aufweist, durchl\u00e4uft es bei uns verschiedene Arbeits- und Veredlungsprozesse. Wichtig ist uns bei allen modernen Methoden und Verfahren aber, die [&hellip;]","_links":{"self":[{"href":"https:\/\/haeberlein-gmbh.de\/en\/wp-json\/wp\/v2\/pages\/86","targetHints":{"allow":["GET"]}}],"collection":[{"href":"https:\/\/haeberlein-gmbh.de\/en\/wp-json\/wp\/v2\/pages"}],"about":[{"href":"https:\/\/haeberlein-gmbh.de\/en\/wp-json\/wp\/v2\/types\/page"}],"author":[{"embeddable":true,"href":"https:\/\/haeberlein-gmbh.de\/en\/wp-json\/wp\/v2\/users\/1"}],"replies":[{"embeddable":true,"href":"https:\/\/haeberlein-gmbh.de\/en\/wp-json\/wp\/v2\/comments?post=86"}],"version-history":[{"count":17,"href":"https:\/\/haeberlein-gmbh.de\/en\/wp-json\/wp\/v2\/pages\/86\/revisions"}],"predecessor-version":[{"id":768,"href":"https:\/\/haeberlein-gmbh.de\/en\/wp-json\/wp\/v2\/pages\/86\/revisions\/768"}],"wp:featuredmedia":[{"embeddable":true,"href":"https:\/\/haeberlein-gmbh.de\/en\/wp-json\/wp\/v2\/media\/21"}],"wp:attachment":[{"href":"https:\/\/haeberlein-gmbh.de\/en\/wp-json\/wp\/v2\/media?parent=86"}],"curies":[{"name":"wp","href":"https:\/\/api.w.org\/{rel}","templated":true}]}}