{"id":8,"date":"2024-07-23T21:40:08","date_gmt":"2024-07-23T19:40:08","guid":{"rendered":"https:\/\/haeberlein-gmbh.de\/?page_id=8"},"modified":"2025-02-12T14:42:18","modified_gmt":"2025-02-12T13:42:18","slug":"homepage","status":"publish","type":"page","link":"https:\/\/haeberlein-gmbh.de\/en\/","title":{"rendered":""},"content":{"rendered":"<p class=\"has-text-align-center\"><p>&nbsp;<\/p><\/p>\n\n\n\n<h1 class=\"wp-block-heading has-text-align-center translation-block\" style=\"font-size:60px\"><h1 class=\"wp-block-heading has-text-align-center\" style=\"font-size:60px\"><strong><mark style=\"background-color:#FFFFFF;color:#669933\" class=\"has-inline-color\">TOP <\/mark><mark style=\"background-color:#FFFFFF;color:#659c34\" class=\"has-inline-color\">QUALITY WOOD<\/mark><\/strong><\/h1><\/h1>\n\n\n\n<p class=\"has-text-align-center has-foreground-color has-text-color has-link-color wp-elements-d3d408778327feeeb32545202ba1d424\" style=\"font-size:35px\"><p style=\"font-size: 35px;\">We make our mission our motto<\/p><\/p>\n\n\n\n<div style=\"height:23px\" aria-hidden=\"true\" class=\"wp-block-spacer\"><\/div>\n\n\n\n<div class=\"wp-block-group has-global-padding is-layout-constrained wp-block-group-is-layout-constrained\">\n<p class=\"has-text-align-center\"><p>Conveniently located near prime hardwood growing regions and our utilization of cutting-edge band saws and storage techniques, we proudly provide our clientele with a comprehensive selection of European hardwood species, available in various grades and sizes. Our primary dedication lies in our proficiency across the entire timber processing spectrum, from procurement to sawing and drying. We are deeply committed to surpassing expectations by meticulously fulfilling a wide array of specifications with unwavering precision and passion.<\/p><\/p>\n\n\n\n<div style=\"height:20px\" aria-hidden=\"true\" class=\"wp-block-spacer\"><\/div>\n\n\n\n<figure class=\"wp-block-gallery has-nested-images columns-default is-cropped wp-block-gallery-1 is-layout-flex wp-block-gallery-is-layout-flex\">\n<figure class=\"wp-block-image size-large\"><a href=\"https:\/\/haeberlein-gmbh.de\/en\/sortiment\/#Schnittholz\"><img fetchpriority=\"high\" decoding=\"async\" width=\"682\" height=\"1024\" data-id=\"22\" src=\"https:\/\/haeberlein-gmbh.de\/wp-content\/uploads\/2024\/07\/BB13551-682x1024.jpg\" alt=\"\" class=\"wp-image-22\" srcset=\"https:\/\/haeberlein-gmbh.de\/wp-content\/uploads\/2024\/07\/BB13551-682x1024.jpg 682w, https:\/\/haeberlein-gmbh.de\/wp-content\/uploads\/2024\/07\/BB13551-200x300.jpg 200w, https:\/\/haeberlein-gmbh.de\/wp-content\/uploads\/2024\/07\/BB13551-2000x3005.jpg 2000w, https:\/\/haeberlein-gmbh.de\/wp-content\/uploads\/2024\/07\/BB13551-scaled-8x12.jpg 8w, https:\/\/haeberlein-gmbh.de\/wp-content\/uploads\/2024\/07\/BB13551-scaled.jpg 1704w\" sizes=\"(max-width: 682px) 100vw, 682px\" \/><\/a><figcaption class=\"wp-element-caption\"><a href=\"https:\/\/haeberlein-gmbh.de\/en\/sortiment\/\" data-type=\"link\" data-id=\"https:\/\/haeberlein-gmbh.de\/Sortiment\/#Schnittholz\">Sawn Timber<\/a><\/figcaption><\/figure>\n\n\n\n<figure class=\"wp-block-image size-large\"><a href=\"https:\/\/haeberlein-gmbh.de\/en\/sortiment\/\"><img decoding=\"async\" width=\"615\" height=\"1024\" data-id=\"756\" src=\"https:\/\/haeberlein-gmbh.de\/wp-content\/uploads\/2025\/02\/mmexport1714114721815-615x1024.jpg\" alt=\"\" class=\"wp-image-756\" srcset=\"https:\/\/haeberlein-gmbh.de\/wp-content\/uploads\/2025\/02\/mmexport1714114721815-615x1024.jpg 615w, https:\/\/haeberlein-gmbh.de\/wp-content\/uploads\/2025\/02\/mmexport1714114721815-180x300.jpg 180w, https:\/\/haeberlein-gmbh.de\/wp-content\/uploads\/2025\/02\/mmexport1714114721815-768x1279.jpg 768w, https:\/\/haeberlein-gmbh.de\/wp-content\/uploads\/2025\/02\/mmexport1714114721815-922x1536.jpg 922w, https:\/\/haeberlein-gmbh.de\/wp-content\/uploads\/2025\/02\/mmexport1714114721815-7x12.jpg 7w, https:\/\/haeberlein-gmbh.de\/wp-content\/uploads\/2025\/02\/mmexport1714114721815-1000x1666.jpg 1000w, https:\/\/haeberlein-gmbh.de\/wp-content\/uploads\/2025\/02\/mmexport1714114721815-336x560.jpg 336w, https:\/\/haeberlein-gmbh.de\/wp-content\/uploads\/2025\/02\/mmexport1714114721815-600x999.jpg 600w, https:\/\/haeberlein-gmbh.de\/wp-content\/uploads\/2025\/02\/mmexport1714114721815.jpg 1023w\" sizes=\"(max-width: 615px) 100vw, 615px\" \/><\/a><figcaption class=\"wp-element-caption\"><a href=\"https:\/\/haeberlein-gmbh.de\/en\/sortiment\/\">Logs<\/a><\/figcaption><\/figure>\n\n\n\n<figure class=\"wp-block-image size-large\"><a href=\"https:\/\/haeberlein-gmbh.de\/en\/weg-zur-qualitaet\/\"><img decoding=\"async\" width=\"1024\" height=\"682\" data-id=\"18\" src=\"https:\/\/haeberlein-gmbh.de\/wp-content\/uploads\/2024\/07\/BB13399-1024x682.jpg\" alt=\"\" class=\"wp-image-18\" srcset=\"https:\/\/haeberlein-gmbh.de\/wp-content\/uploads\/2024\/07\/BB13399-1024x682.jpg 1024w, https:\/\/haeberlein-gmbh.de\/wp-content\/uploads\/2024\/07\/BB13399-300x200.jpg 300w, https:\/\/haeberlein-gmbh.de\/wp-content\/uploads\/2024\/07\/BB13399-2000x1331.jpg 2000w, https:\/\/haeberlein-gmbh.de\/wp-content\/uploads\/2024\/07\/BB13399-scaled-18x12.jpg 18w\" sizes=\"(max-width: 1024px) 100vw, 1024px\" \/><\/a><figcaption class=\"wp-element-caption\"><a href=\"https:\/\/haeberlein-gmbh.de\/en\/weg-zur-qualitaet\/\" data-type=\"link\" data-id=\"https:\/\/haeberlein-gmbh.de\/weg-zur-qualitaet\/\">Quality<\/a><\/figcaption><\/figure>\n<\/figure>\n\n\n\n<div style=\"height:51px\" aria-hidden=\"true\" class=\"wp-block-spacer\"><\/div>\n<\/div>\n\n\n\n<div class=\"wp-block-group has-global-padding is-layout-constrained wp-block-group-is-layout-constrained\">\n<div class=\"wp-block-group is-layout-flow wp-block-group-is-layout-flow\">\n<div style=\"height:0px\" aria-hidden=\"true\" class=\"wp-block-spacer\"><\/div>\n<\/div>\n<\/div>\n\n\n\n<div class=\"wp-block-cover alignfull has-parallax\" style=\"border-radius:0px\"><span aria-hidden=\"true\" class=\"wp-block-cover__background has-black-background-color has-background-dim-40 has-background-dim\"><\/span><div class=\"wp-block-cover__image-background wp-image-40 has-parallax\" style=\"background-position:50% 50%;background-image:url(https:\/\/haeberlein-gmbh.de\/wp-content\/uploads\/2024\/07\/elb_0006a194.jpg)\"><\/div><div class=\"wp-block-cover__inner-container is-layout-flow wp-block-cover-is-layout-flow\">\n<div class=\"wp-block-group has-global-padding is-layout-constrained wp-block-group-is-layout-constrained\">\n<h3 class=\"wp-block-heading alignwide has-text-align-center has-text-color has-medium-font-size\" style=\"color:#fffffa;text-transform:uppercase\"><strong>Get in touch with us today<\/strong><\/h3>\n\n\n\n<p class=\"has-text-align-center has-white-color has-text-color\"><strong>We will be happy to answer your inquiries quickly and personally.<br>Get in touch with us today!<\/strong><\/p>\n\n\n\n<div style=\"height:31px\" aria-hidden=\"true\" class=\"wp-block-spacer\"><\/div>\n\n\n\n<div class=\"wp-block-buttons is-horizontal is-content-justification-center is-layout-flex wp-container-core-buttons-is-layout-03627597 wp-block-buttons-is-layout-flex\">\n<div class=\"wp-block-button\"><a class=\"wp-block-button__link has-white-color has-text-color wp-element-button\" href=\"https:\/\/haeberlein-gmbh.de\/en\/kontakt\/\" style=\"border-radius:0px\">Contact<\/a><\/div>\n<\/div>\n<\/div>\n<\/div><\/div>\n\n\n\n<p>&nbsp;<\/p>","protected":false},"excerpt":{"rendered":"<p>&nbsp; HOLZ F\u00dcR H\u00d6CHSTE ANSPR\u00dcCHE Wir machen unsere Mission zu unserem Motto Dank der N\u00e4he zu ausgezeichneten Laubholzwuchsgebieten und der Verwendung von hochmoderner Bands\u00e4ge- und Lagertechnik k\u00f6nnen wir unseren Kunden s\u00e4mtliche europ\u00e4ische Laubholzarten in jeglicher Qualit\u00e4t und Dimension anbieten. Unser Dreh- und Angelpunkt ist unser Know-how in der Verarbeitung, vom [&hellip;]<\/p>","protected":false},"author":1,"featured_media":0,"parent":0,"menu_order":0,"comment_status":"closed","ping_status":"closed","template":"","meta":{"_uag_custom_page_level_css":"","ub_ctt_via":"","footnotes":""},"class_list":["post-8","page","type-page","status-publish","hentry"],"featured_image_src":null,"uagb_featured_image_src":{"full":false,"thumbnail":false,"medium":false,"medium_large":false,"large":false,"1536x1536":false,"2048x2048":false,"trp-custom-language-flag":false,"featured":false,"featured@2x":false,"featured-small":false,"recent-thumbnail":false,"recent-thumbnail-retina":false,"woo-featured":false,"entry-cover":false,"entry-cover@2x":false,"loop":false,"portfolio-scroller-widget":false,"portfolio_item-thumbnail":false,"portfolio_item-masonry":false,"portfolio_item-thumbnail_wide":false,"portfolio_item-thumbnail_wide_cinema":false,"portfolio_item-thumbnail_cinema":false,"portfolio_item-thumbnail_portrait":false,"portfolio_item-thumbnail_square":false,"sow-carousel-default":false},"uagb_author_info":{"display_name":"sommares","author_link":"https:\/\/haeberlein-gmbh.de\/en\/author\/sommares\/"},"uagb_comment_info":0,"uagb_excerpt":"&nbsp; HOLZ F\u00dcR H\u00d6CHSTE ANSPR\u00dcCHE Wir machen unsere Mission zu unserem Motto Dank der N\u00e4he zu ausgezeichneten Laubholzwuchsgebieten und der Verwendung von hochmoderner Bands\u00e4ge- und Lagertechnik k\u00f6nnen wir unseren Kunden s\u00e4mtliche europ\u00e4ische Laubholzarten in jeglicher Qualit\u00e4t und Dimension anbieten. Unser Dreh- und Angelpunkt ist unser Know-how in der Verarbeitung, vom [&hellip;]","_links":{"self":[{"href":"https:\/\/haeberlein-gmbh.de\/en\/wp-json\/wp\/v2\/pages\/8","targetHints":{"allow":["GET"]}}],"collection":[{"href":"https:\/\/haeberlein-gmbh.de\/en\/wp-json\/wp\/v2\/pages"}],"about":[{"href":"https:\/\/haeberlein-gmbh.de\/en\/wp-json\/wp\/v2\/types\/page"}],"author":[{"embeddable":true,"href":"https:\/\/haeberlein-gmbh.de\/en\/wp-json\/wp\/v2\/users\/1"}],"replies":[{"embeddable":true,"href":"https:\/\/haeberlein-gmbh.de\/en\/wp-json\/wp\/v2\/comments?post=8"}],"version-history":[{"count":80,"href":"https:\/\/haeberlein-gmbh.de\/en\/wp-json\/wp\/v2\/pages\/8\/revisions"}],"predecessor-version":[{"id":924,"href":"https:\/\/haeberlein-gmbh.de\/en\/wp-json\/wp\/v2\/pages\/8\/revisions\/924"}],"wp:attachment":[{"href":"https:\/\/haeberlein-gmbh.de\/en\/wp-json\/wp\/v2\/media?parent=8"}],"curies":[{"name":"wp","href":"https:\/\/api.w.org\/{rel}","templated":true}]}}